{"id":614,"date":"2025-09-23T00:19:10","date_gmt":"2025-09-23T00:19:10","guid":{"rendered":"https:\/\/campoo.webcantabria.com\/?page_id=614"},"modified":"2025-09-23T17:48:27","modified_gmt":"2025-09-23T17:48:27","slug":"aviso-legal","status":"publish","type":"page","link":"https:\/\/campoo.webcantabria.com\/index.php\/aviso-legal\/","title":{"rendered":"Aviso Legal"},"content":{"rendered":"<p>&nbsp;<\/p>\n<p>TITULARIDAD DE LA WEB<\/p>\n<p>En virtud del presente\u00a0Aviso Legal\u00a0y en cumplimiento del deber de informaci\u00f3n recogido por el art\u00edculo 10 de la Ley 34\/2002, de 11 de julio, de Servicios de la Sociedad de la Informaci\u00f3n y de Comercio Electr\u00f3nico (en adelante, \u201cLSSI\u201d), se le informa de que el titular de este sitio web con dominio https:\/\/www.apartamentosjoaquincosta.es\/ es:<\/p>\n<p>Identificaci\u00f3n del titular del sitio web:\u00a0URBANIZACION LA TABLA, SL.<br \/>\nNIF:\u00a0B39096953<br \/>\nDomicilio\/Domicilio social:\u00a0Trasmiera, 8 &#8211; Bajo<br \/>\nC\u00f3digo postal y poblaci\u00f3n:\u00a039005 \u00a0 SANTANDER<br \/>\nCONDICIONES GENERALES DE USO DEL PRESENTE SITIO WEB<\/p>\n<p>URBANIZACION LA TABLA, SL. le informa de que tanto el acceso como la utilizaci\u00f3n de la p\u00e1gina web con dominio https:\/\/www.apartamentosjoaquincosta.es\/ y todas las URL, y subdominios incluidos bajo la misma, as\u00ed como los contenidos que a trav\u00e9s de este sitio web se puedan obtener, est\u00e1n sujetos a los presentes t\u00e9rminos y condiciones de uso, sin perjuicio de que el acceso a alguno de dichos servicios o contenidos pueda requerir la aceptaci\u00f3n de otras condiciones generales, particulares o adicionales.<br \/>\nDebido a ello, si usted no estuviera conforme con el contenido de los presentes t\u00e9rminos y condiciones, le instamos a que no haga uso de este sitio web, puesto que la utilizaci\u00f3n tanto del mismo, como de sus contenidos o de sus servicios, supondr\u00e1 en todo caso la aceptaci\u00f3n de los t\u00e9rminos legales aqu\u00ed se\u00f1alados.<br \/>\nURBANIZACION LA TABLA, SL. se reserva, sin necesidad de previo aviso y en cualquier momento, el derecho a suspender, denegar o restringir temporal o definitivamente el acceso al presente sitio web y\/o a sus contenidos, as\u00ed como a llevar a cabo y realizar las modificaciones que considere oportunas o necesarias, sin que todo ello implique un derecho de indemnizaci\u00f3n para el usuario.<\/p>\n<p>RESPONSABILIDAD DEL USUARIO POR EL USO DEL PRESENTE SITIO WEB<\/p>\n<p>El usuario ser\u00e1 el \u00fanico responsable del correcto uso de del presente sitio web, comprometi\u00e9ndose a hacer un uso del mismo de conformidad a los t\u00e9rminos y condiciones indicados en el presente\u00a0Aviso Legal.<br \/>\nEl usuario se compromete a utilizar el sitio web, as\u00ed como los contenidos y servicios ofrecidos o proporcionados por el mismo, de conformidad con la Ley, la moral, las buenas costumbres y el orden p\u00fablico.<br \/>\nDel mismo modo, el usuario se obliga a no utilizar el sitio web o los servicios que se presten a trav\u00e9s del mismo, con fines il\u00edcitos o contrarios al contenido de los presentes t\u00e9rminos y condiciones generales.<br \/>\nEn particular, el usuario no podr\u00e1 realizar en ning\u00fan caso, las siguientes actividades:<\/p>\n<p>Utilizar el presente sitio web para para promocionar, vender, o contratar, informaci\u00f3n o prestaciones propias o de terceras personas, sin consentimiento o autorizaci\u00f3n previa.<br \/>\nDifundir contenidos de car\u00e1cter racista, xen\u00f3fobo, pornogr\u00e1fico, o que promuevan la comisi\u00f3n de infracciones o de actos delictivos, que inciten directa o indirectamente a la apolog\u00eda del terrorismo, o que resulten contrarios a los derechos y libertades fundamentales.<br \/>\nProvocar da\u00f1os en los sistemas inform\u00e1ticos titularidad de URBANIZACION LA TABLA, SL. o introducir o difundir virus inform\u00e1ticos, un software nocivo u otro tipo de sistemas que puedan causar da\u00f1os en los sistemas inform\u00e1ticos, as\u00ed como alteraciones no autorizadas de los contenidos disponibles en el presente sitio web.<br \/>\nRealizar o llevar a cabo actos que resulten contrarios a los derechos de Propiedad Intelectual y\/o Industrial de sus leg\u00edtimos titulares.<br \/>\nIncluir, sin que haya mediado autorizaci\u00f3n por parte de URBANIZACION LA TABLA, SL., marcas, logotipos, nombres comerciales o cualesquiera otros signos distintivos que sean propiedad de URBANIZACION LA TABLA, SL., en p\u00e1ginas o sitios web responsabilidad del usuario o de terceros que no se encuentren autorizados para ello.<br \/>\nEl usuario responder\u00e1 frente a URBANIZACION LA TABLA, SL., o frente a terceros, de cualesquiera da\u00f1os y perjuicios de cualquier clase o \u00edndole, que pudieran causarse como consecuencia del incumplimiento directo o indirecto de los presentes t\u00e9rminos y condiciones generales.<\/p>\n<p>DERECHOS DE PROPIEDAD INTELECTUAL E INDUSTRIAL<\/p>\n<p>A trav\u00e9s de los presentes t\u00e9rminos y condiciones generales no se cede ning\u00fan derecho de propiedad intelectual o industrial sobre este sitio web,\u00a0 ni sobre ninguno de sus elementos integrantes o contenido, quedando expresamente prohibida la reproducci\u00f3n, transformaci\u00f3n, distribuci\u00f3n, comunicaci\u00f3n p\u00fablica, puesta a disposici\u00f3n, extracci\u00f3n, o reutilizaci\u00f3n total o parcial, de cualquier naturaleza, por cualquier medio o procedimiento, de cualesquiera de ellos, salvo en los casos en que est\u00e9 legalmente permitido o sea autorizado por el titular de los correspondientes derechos.<br \/>\nNo obstante lo anterior, el usuario podr\u00e1 visualizar y obtener una copia privada temporal de los contenidos del presente sitio web para su exclusivo uso personal y privado en sus sistemas inform\u00e1ticos (software y hardware), siempre que no sea con la finalidad de desarrollar actividades de car\u00e1cter comercial y\/o profesional.<br \/>\nAsimismo, el usuario deber\u00e1 abstenerse de obtener los contenidos de dicho sitio web por medios o procedimientos distintos de los que en cada caso se hayan indicado al efecto, o de los que normalmente se utilicen en Internet (siempre y cuando estos \u00faltimos no supongan o impliquen un riesgo de da\u00f1o o inutilizaci\u00f3n del presente sitio web).<\/p>\n<p>REDES SOCIALES<\/p>\n<p>URBANIZACION LA TABLA, SL. tiene o podr\u00eda disponer de perfiles abiertos en las principales redes sociales (Facebook, Twitter, LinkedIn). URBANIZACION LA TABLA, SL., ser\u00e1 considerado como responsable del tratamiento de los datos personales de los usuarios de sus redes sociales y\/o de los seguidores que tenga en las mismas. El tratamiento que URBANIZACION LA TABLA, SL. llevar\u00e1 a cabo sobre dichos datos ser\u00e1 el que la red social permita a los perfiles empresariales dentro de sus pol\u00edticas de uso y privacidad.<br \/>\nAs\u00ed pues, URBANIZACION LA TABLA, SL. podr\u00e1 informar a sus seguidores por cualquier v\u00eda que la red social permita sobre sus actividades, nuevos productos, actos y eventos, as\u00ed como acerca de ofertas y todo tipo de servicios.<br \/>\nURBANIZACION LA TABLA, SL. no extraer\u00e1 datos de las redes sociales, a menos que dicha obtenci\u00f3n de los mismos se realizase de forma puntual y mediando el previo consentimiento informado de los usuarios.<\/p>\n<p>ENLACES, HIPERENLACES O LINKS<\/p>\n<p>URBANIZACION LA TABLA, SL. no se hace responsable de las p\u00e1ginas webs no propias o que no resulten de su titularidad, a las que se pueda acceder mediante \u00ablinks\u00bb, o de cualquier contenido puesto a disposici\u00f3n de los usuarios por parte de terceros.<br \/>\nCualquier uso de un v\u00ednculo o acceso a una web no propia es realizado por riesgo exclusivo del usuario y URBANIZACION LA TABLA, SL. no garantiza en ning\u00fan caso la seguridad y licitud de la informaci\u00f3n obtenida a trav\u00e9s de un v\u00ednculo ajeno a URBANIZACION LA TABLA, SL., ni se responsabiliza de ninguna p\u00e9rdida, reclamaci\u00f3n o perjuicio derivada del uso o uso incorrecto de un v\u00ednculo, o de la informaci\u00f3n obtenida a trav\u00e9s de \u00e9l, as\u00ed como de la interrupci\u00f3n en el servicio al acceder a la informaci\u00f3n de otras p\u00e1ginas webs.<\/p>\n<p>GARANT\u00cdAS Y EXENCI\u00d3N DE RESPONSABILIDAD<\/p>\n<p>URBANIZACION LA TABLA, SL. declara que ha adoptado todas las medidas necesarias, dentro de sus posibilidades y del estado de la tecnolog\u00eda, para garantizar el correcto y adecuado funcionamiento del presente sitio web, y evitar transmisi\u00f3n de virus inform\u00e1ticos y dem\u00e1s componentes da\u00f1inos a los usuarios.<br \/>\nNo obstante lo anterior, URBANIZACION LA TABLA, SL. no asume en ning\u00fan caso responsabilidad alguna en el supuesto de que se produzca un funcionamiento err\u00f3neo de los servicios ofrecidos en Internet o del mal funcionamiento o ca\u00eddas de la red, que pudieran afectar al acceso y navegaci\u00f3n por el presente sitio web, con independencia de la causa que motive dichos fallos.<br \/>\nSi el usuario tuviera conocimiento en alg\u00fan momento de la existencia de alg\u00fan contenido il\u00edcito, ilegal, contrario a las leyes, a la moral o a las buenas costumbres, o que pudiera suponer una infracci\u00f3n de derechos de propiedad intelectual y\/o industrial, deber\u00e1 notificarlo inmediatamente a URBANIZACION LA TABLA, SL. para que \u00e9sta pueda proceder a adoptar las medidas de neutralizaci\u00f3n y seguridad oportunas.<\/p>\n<p>Asimismo, URBANIZACION LA TABLA, SL. no ser\u00e1 responsable de las actuaciones dolosas o culposas del usuario, o que tengan su origen en causas de fuerza mayor y cualesquiera otras que se escapen del control de URBANIZACION LA TABLA, SL., ni de ataques de los denominados \u201chackers\u201d siempre que URBANIZACION LA TABLA, SL. haya adoptado todas las medidas de seguridad existentes seg\u00fan sus posibilidades t\u00e9cnicas.<\/p>\n<p>LEY APLICABLE Y JURISDICCI\u00d3N<\/p>\n<p>En caso de disputa o conflicto de interpretaci\u00f3n, los t\u00e9rminos y condiciones de uso que conforman este\u00a0Aviso Legal, as\u00ed como a cualquier cuesti\u00f3n relacionada con los servicios ofrecidos a trav\u00e9s del presente sitio web se regir\u00e1n por la Ley espa\u00f1ola. Para la resoluci\u00f3n de las controversias que puedan surgir en relaci\u00f3n con la utilizaci\u00f3n del presente sitio web, las partes acuerdan someter la resoluci\u00f3n de los conflictos a los juzgados y tribunales de lo mercantil que correspondieran territorialmente de conformidad con el domicilio de URBANIZACION LA TABLA, SL. se\u00f1alado en el presente Aviso Legal.<\/p>\n","protected":false},"excerpt":{"rendered":"<p>&nbsp; TITULARIDAD DE LA WEB En virtud del presente\u00a0Aviso Legal\u00a0y en cumplimiento del deber de informaci\u00f3n recogido por el art\u00edculo [&hellip;]<\/p>\n","protected":false},"author":1,"featured_media":0,"parent":0,"menu_order":0,"comment_status":"closed","ping_status":"closed","template":"","meta":{"site-sidebar-layout":"default","site-content-layout":"","ast-site-content-layout":"default","site-content-style":"default","site-sidebar-style":"default","ast-global-header-display":"","ast-banner-title-visibility":"","ast-main-header-display":"","ast-hfb-above-header-display":"","ast-hfb-below-header-display":"","ast-hfb-mobile-header-display":"","site-post-title":"","ast-breadcrumbs-content":"","ast-featured-img":"","footer-sml-layout":"","theme-transparent-header-meta":"default","adv-header-id-meta":"","stick-header-meta":"","header-above-stick-meta":"","header-main-stick-meta":"","header-below-stick-meta":"","astra-migrate-meta-layouts":"set","ast-page-background-enabled":"default","ast-page-background-meta":{"desktop":{"background-color":"var(--ast-global-color-5)","background-image":"","background-repeat":"repeat","background-position":"center center","background-size":"auto","background-attachment":"scroll","background-type":"","background-media":"","overlay-type":"","overlay-color":"","overlay-opacity":"","overlay-gradient":""},"tablet":{"background-color":"","background-image":"","background-repeat":"repeat","background-position":"center center","background-size":"auto","background-attachment":"scroll","background-type":"","background-media":"","overlay-type":"","overlay-color":"","overlay-opacity":"","overlay-gradient":""},"mobile":{"background-color":"","background-image":"","background-repeat":"repeat","background-position":"center center","background-size":"auto","background-attachment":"scroll","background-type":"","background-media":"","overlay-type":"","overlay-color":"","overlay-opacity":"","overlay-gradient":""}},"ast-content-background-meta":{"desktop":{"background-color":"var(--ast-global-color-4)","background-image":"","background-repeat":"repeat","background-position":"center center","background-size":"auto","background-attachment":"scroll","background-type":"","background-media":"","overlay-type":"","overlay-color":"","overlay-opacity":"","overlay-gradient":""},"tablet":{"background-color":"var(--ast-global-color-4)","background-image":"","background-repeat":"repeat","background-position":"center center","background-size":"auto","background-attachment":"scroll","background-type":"","background-media":"","overlay-type":"","overlay-color":"","overlay-opacity":"","overlay-gradient":""},"mobile":{"background-color":"var(--ast-global-color-4)","background-image":"","background-repeat":"repeat","background-position":"center center","background-size":"auto","background-attachment":"scroll","background-type":"","background-media":"","overlay-type":"","overlay-color":"","overlay-opacity":"","overlay-gradient":""}},"footnotes":""},"class_list":["post-614","page","type-page","status-publish","hentry"],"_links":{"self":[{"href":"https:\/\/campoo.webcantabria.com\/index.php\/wp-json\/wp\/v2\/pages\/614","targetHints":{"allow":["GET"]}}],"collection":[{"href":"https:\/\/campoo.webcantabria.com\/index.php\/wp-json\/wp\/v2\/pages"}],"about":[{"href":"https:\/\/campoo.webcantabria.com\/index.php\/wp-json\/wp\/v2\/types\/page"}],"author":[{"embeddable":true,"href":"https:\/\/campoo.webcantabria.com\/index.php\/wp-json\/wp\/v2\/users\/1"}],"replies":[{"embeddable":true,"href":"https:\/\/campoo.webcantabria.com\/index.php\/wp-json\/wp\/v2\/comments?post=614"}],"version-history":[{"count":2,"href":"https:\/\/campoo.webcantabria.com\/index.php\/wp-json\/wp\/v2\/pages\/614\/revisions"}],"predecessor-version":[{"id":616,"href":"https:\/\/campoo.webcantabria.com\/index.php\/wp-json\/wp\/v2\/pages\/614\/revisions\/616"}],"wp:attachment":[{"href":"https:\/\/campoo.webcantabria.com\/index.php\/wp-json\/wp\/v2\/media?parent=614"}],"curies":[{"name":"wp","href":"https:\/\/api.w.org\/{rel}","templated":true}]}}